{"id":727,"date":"2022-08-17T09:41:34","date_gmt":"2022-08-17T07:41:34","guid":{"rendered":"http:\/\/emrwine.eu\/?page_id=727"},"modified":"2023-10-11T15:57:50","modified_gmt":"2023-10-11T13:57:50","slug":"home","status":"publish","type":"page","link":"https:\/\/emrwine.eu\/fr\/","title":{"rendered":"Home"},"content":{"rendered":"\t\t<div data-elementor-type=\"wp-page\" data-elementor-id=\"727\" class=\"elementor elementor-727 elementor-45\">\n\t\t\t\t\t\t<section class=\"elementor-section elementor-top-section elementor-element elementor-element-88dd38a elementor-section-stretched elementor-section-boxed elementor-section-height-default elementor-section-height-default\" data-id=\"88dd38a\" data-element_type=\"section\" data-settings=\"{&quot;stretch_section&quot;:&quot;section-stretched&quot;,&quot;background_background&quot;:&quot;classic&quot;}\">\n\t\t\t\t\t\t<div class=\"elementor-container elementor-column-gap-default\">\n\t\t\t\t\t<div class=\"elementor-column elementor-col-100 elementor-top-column elementor-element elementor-element-8989c49\" data-id=\"8989c49\" data-element_type=\"column\" data-settings=\"{&quot;background_background&quot;:&quot;classic&quot;}\">\n\t\t\t<div class=\"elementor-widget-wrap elementor-element-populated\">\n\t\t\t\t\t\t<div class=\"elementor-element elementor-element-8035790 maxwidthbox elementor-widget elementor-widget-image\" data-id=\"8035790\" data-element_type=\"widget\" data-widget_type=\"image.default\">\n\t\t\t\t<div class=\"elementor-widget-container\">\n\t\t\t\t\t\t\t\t\t\t\t\t\t\t\t<img fetchpriority=\"high\" decoding=\"async\" width=\"800\" height=\"284\" src=\"https:\/\/emrwine.eu\/wp-content\/uploads\/2023\/08\/image001-1-1-1024x364.jpg\" class=\"attachment-large size-large wp-image-2051\" alt=\"\" srcset=\"https:\/\/emrwine.eu\/wp-content\/uploads\/2023\/08\/image001-1-1-1024x364.jpg 1024w, https:\/\/emrwine.eu\/wp-content\/uploads\/2023\/08\/image001-1-1-300x107.jpg 300w, https:\/\/emrwine.eu\/wp-content\/uploads\/2023\/08\/image001-1-1-768x273.jpg 768w, https:\/\/emrwine.eu\/wp-content\/uploads\/2023\/08\/image001-1-1.jpg 1485w\" sizes=\"(max-width: 800px) 100vw, 800px\" \/>\t\t\t\t\t\t\t\t\t\t\t\t\t\t\t<\/div>\n\t\t\t\t<\/div>\n\t\t\t\t<div class=\"elementor-element elementor-element-51cc695 maxwidthbox elementor-widget elementor-widget-heading\" data-id=\"51cc695\" data-element_type=\"widget\" data-widget_type=\"heading.default\">\n\t\t\t\t<div class=\"elementor-widget-container\">\n\t\t\t\t\t<p class=\"elementor-heading-title elementor-size-default\">The main objective of the project is the creation of a network on the Euregio Meuse-Rhine between the sectors of production and training in viticulture in order to create a local sector with ecological and sustainable means of production and consumption. The Euregio has a long history with wine, so its production is a logical step.\n<br><br>\n\nThis cooperation project is supported by the EU-funded INTERREG V-a programme of the Euregio Meuse-Rhine.\n<\/p>\t\t\t\t<\/div>\n\t\t\t\t<\/div>\n\t\t\t\t<section class=\"elementor-section elementor-inner-section elementor-element elementor-element-373d4ab elementor-section-boxed elementor-section-height-default elementor-section-height-default\" data-id=\"373d4ab\" data-element_type=\"section\">\n\t\t\t\t\t\t<div class=\"elementor-container elementor-column-gap-default\">\n\t\t\t\t\t<div class=\"elementor-column elementor-col-100 elementor-inner-column elementor-element elementor-element-058b92c\" data-id=\"058b92c\" data-element_type=\"column\">\n\t\t\t<div class=\"elementor-widget-wrap elementor-element-populated\">\n\t\t\t\t\t\t<div class=\"elementor-element elementor-element-7520a32 elementor-align-left elementor-mobile-align-center elementor-widget__width-auto elementor-widget-mobile__width-inherit fullwithmobile ld-button loggedoutonly elementor-widget elementor-widget-button\" data-id=\"7520a32\" data-element_type=\"widget\" data-widget_type=\"button.default\">\n\t\t\t\t<div class=\"elementor-widget-container\">\n\t\t\t\t\t\t\t\t\t<div class=\"elementor-button-wrapper\">\n\t\t\t\t\t<a class=\"elementor-button elementor-button-link elementor-size-md\" href=\"http:\/\/emrwine.eu\/en\/platform\/\">\n\t\t\t\t\t\t<span class=\"elementor-button-content-wrapper\">\n\t\t\t\t\t\t<span class=\"elementor-button-icon\">\n\t\t\t\t<i aria-hidden=\"true\" class=\"fas fa-user-alt\"><\/i>\t\t\t<\/span>\n\t\t\t\t\t\t\t\t\t<span class=\"elementor-button-text\">Login<\/span>\n\t\t\t\t\t<\/span>\n\t\t\t\t\t<\/a>\n\t\t\t\t<\/div>\n\t\t\t\t\t\t\t\t<\/div>\n\t\t\t\t<\/div>\n\t\t\t\t<div class=\"elementor-element elementor-element-1a1d2b3 elementor-align-left elementor-mobile-align-center elementor-widget__width-auto elementor-widget-mobile__width-inherit fullwithmobile loggedoutonly elementor-widget elementor-widget-button\" data-id=\"1a1d2b3\" data-element_type=\"widget\" data-widget_type=\"button.default\">\n\t\t\t\t<div class=\"elementor-widget-container\">\n\t\t\t\t\t\t\t\t\t<div class=\"elementor-button-wrapper\">\n\t\t\t\t\t<a class=\"elementor-button elementor-button-link elementor-size-md\" href=\"http:\/\/emrwine.eu\/fr\/account-creation\/\">\n\t\t\t\t\t\t<span class=\"elementor-button-content-wrapper\">\n\t\t\t\t\t\t<span class=\"elementor-button-icon\">\n\t\t\t\t<i aria-hidden=\"true\" class=\"fas fa-pen\"><\/i>\t\t\t<\/span>\n\t\t\t\t\t\t\t\t\t<span class=\"elementor-button-text\">Create an account<\/span>\n\t\t\t\t\t<\/span>\n\t\t\t\t\t<\/a>\n\t\t\t\t<\/div>\n\t\t\t\t\t\t\t\t<\/div>\n\t\t\t\t<\/div>\n\t\t\t\t<div class=\"elementor-element elementor-element-abac2f2 elementor-align-left elementor-mobile-align-center elementor-widget__width-auto elementor-widget-mobile__width-inherit fullwithmobile loggedinonly elementor-widget elementor-widget-button\" data-id=\"abac2f2\" data-element_type=\"widget\" data-widget_type=\"button.default\">\n\t\t\t\t<div class=\"elementor-widget-container\">\n\t\t\t\t\t\t\t\t\t<div class=\"elementor-button-wrapper\">\n\t\t\t\t\t<a class=\"elementor-button elementor-button-link elementor-size-md\" href=\"http:\/\/emrwine.eu\/fr\/dashboard\/\">\n\t\t\t\t\t\t<span class=\"elementor-button-content-wrapper\">\n\t\t\t\t\t\t<span class=\"elementor-button-icon\">\n\t\t\t\t<i aria-hidden=\"true\" class=\"fas fa-book-open\"><\/i>\t\t\t<\/span>\n\t\t\t\t\t\t\t\t\t<span class=\"elementor-button-text\">Jump to the Learning Modules<\/span>\n\t\t\t\t\t<\/span>\n\t\t\t\t\t<\/a>\n\t\t\t\t<\/div>\n\t\t\t\t\t\t\t\t<\/div>\n\t\t\t\t<\/div>\n\t\t\t\t\t<\/div>\n\t\t<\/div>\n\t\t\t\t\t<\/div>\n\t\t<\/section>\n\t\t\t\t\t<\/div>\n\t\t<\/div>\n\t\t\t\t\t<\/div>\n\t\t<\/section>\n\t\t\t\t<section class=\"elementor-section elementor-top-section elementor-element elementor-element-e31b084 elementor-section-content-top elementor-section-boxed elementor-section-height-default elementor-section-height-default\" data-id=\"e31b084\" data-element_type=\"section\">\n\t\t\t\t\t\t<div class=\"elementor-container elementor-column-gap-default\">\n\t\t\t\t\t<div class=\"elementor-column elementor-col-33 elementor-top-column elementor-element elementor-element-53afcd0\" data-id=\"53afcd0\" data-element_type=\"column\">\n\t\t\t<div class=\"elementor-widget-wrap elementor-element-populated\">\n\t\t\t\t\t\t<div class=\"elementor-element elementor-element-2937b66 elementor-widget elementor-widget-image\" data-id=\"2937b66\" data-element_type=\"widget\" data-widget_type=\"image.default\">\n\t\t\t\t<div class=\"elementor-widget-container\">\n\t\t\t\t\t\t\t\t\t\t\t\t\t\t\t<img decoding=\"async\" width=\"800\" height=\"534\" src=\"https:\/\/emrwine.eu\/wp-content\/uploads\/2023\/08\/Foto-2-EMR-Wine-1-1024x684.jpg\" class=\"attachment-large size-large wp-image-2054\" alt=\"\" srcset=\"https:\/\/emrwine.eu\/wp-content\/uploads\/2023\/08\/Foto-2-EMR-Wine-1-1024x684.jpg 1024w, https:\/\/emrwine.eu\/wp-content\/uploads\/2023\/08\/Foto-2-EMR-Wine-1-300x200.jpg 300w, https:\/\/emrwine.eu\/wp-content\/uploads\/2023\/08\/Foto-2-EMR-Wine-1-768x513.jpg 768w, https:\/\/emrwine.eu\/wp-content\/uploads\/2023\/08\/Foto-2-EMR-Wine-1-1536x1025.jpg 1536w, https:\/\/emrwine.eu\/wp-content\/uploads\/2023\/08\/Foto-2-EMR-Wine-1.jpg 2000w\" sizes=\"(max-width: 800px) 100vw, 800px\" \/>\t\t\t\t\t\t\t\t\t\t\t\t\t\t\t<\/div>\n\t\t\t\t<\/div>\n\t\t\t\t\t<\/div>\n\t\t<\/div>\n\t\t\t\t<div class=\"elementor-column elementor-col-66 elementor-top-column elementor-element elementor-element-7e97fcf\" data-id=\"7e97fcf\" data-element_type=\"column\">\n\t\t\t<div class=\"elementor-widget-wrap elementor-element-populated\">\n\t\t\t\t\t\t<div class=\"elementor-element elementor-element-27c7c93 elementor-widget elementor-widget-heading\" data-id=\"27c7c93\" data-element_type=\"widget\" data-widget_type=\"heading.default\">\n\t\t\t\t<div class=\"elementor-widget-container\">\n\t\t\t\t\t<h2 class=\"elementor-heading-title elementor-size-default\">Learn more about the EMR WINE platform<\/h2>\t\t\t\t<\/div>\n\t\t\t\t<\/div>\n\t\t\t\t<div class=\"elementor-element elementor-element-2b36bf3 elementor-widget elementor-widget-text-editor\" data-id=\"2b36bf3\" data-element_type=\"widget\" data-widget_type=\"text-editor.default\">\n\t\t\t\t<div class=\"elementor-widget-container\">\n\t\t\t\t\t\t\t\t\tTo achieve this goal, we are bringing together the various stakeholders in the wine sector to create a new educational development programme for wine and agricultural training (with a cross-over to leisure and retail) in the project\u2019s partner regions, to stimulate the exchange of practical knowledge between students, educators and professionals within the Euregio through cross-border exchanges and thus to generate integrated education and training pathways in the Euregio Meuse-Rhine.\n\nThe project will pool the resources and expertise of the Euregio Meuse-Rhine in order to analyse the development of the different regions of Europe in the light of the climate changes they have undergone (both positive and negative). This analysis will contribute to the development of a strong Euregional policy for the consolidation and growth of a developing wine sector in the EMR region. Therefore, promoting the meeting of students, educators and professionals in the Euregio Meuse-Rhine will contribute to strengthen the impact of this green deal due to its territorial proximity, common problems related to greening and similar climate changes.\t\t\t\t\t\t\t\t<\/div>\n\t\t\t\t<\/div>\n\t\t\t\t<div class=\"elementor-element elementor-element-a674c3b elementor-align-left elementor-mobile-align-center elementor-widget__width-auto elementor-widget-mobile__width-inherit fullwithmobile elementor-widget elementor-widget-button\" data-id=\"a674c3b\" data-element_type=\"widget\" data-widget_type=\"button.default\">\n\t\t\t\t<div class=\"elementor-widget-container\">\n\t\t\t\t\t\t\t\t\t<div class=\"elementor-button-wrapper\">\n\t\t\t\t\t<a class=\"elementor-button elementor-button-link elementor-size-md\" href=\"https:\/\/www.interregemr.eu\/projects\/emrwine-en\" target=\"_blank\" rel=\"noopener\">\n\t\t\t\t\t\t<span class=\"elementor-button-content-wrapper\">\n\t\t\t\t\t\t\t\t\t<span class=\"elementor-button-text\">Read more<\/span>\n\t\t\t\t\t<\/span>\n\t\t\t\t\t<\/a>\n\t\t\t\t<\/div>\n\t\t\t\t\t\t\t\t<\/div>\n\t\t\t\t<\/div>\n\t\t\t\t\t<\/div>\n\t\t<\/div>\n\t\t\t\t\t<\/div>\n\t\t<\/section>\n\t\t\t\t<section class=\"elementor-section elementor-top-section elementor-element elementor-element-bfd2764 elementor-section-content-top elementor-section-boxed elementor-section-height-default elementor-section-height-default\" data-id=\"bfd2764\" data-element_type=\"section\">\n\t\t\t\t\t\t<div class=\"elementor-container elementor-column-gap-default\">\n\t\t\t\t\t<div class=\"elementor-column elementor-col-100 elementor-top-column elementor-element elementor-element-36bab3f\" data-id=\"36bab3f\" data-element_type=\"column\">\n\t\t\t<div class=\"elementor-widget-wrap elementor-element-populated\">\n\t\t\t\t\t\t<div class=\"elementor-element elementor-element-1630d69 elementor-widget elementor-widget-heading\" data-id=\"1630d69\" data-element_type=\"widget\" data-widget_type=\"heading.default\">\n\t\t\t\t<div class=\"elementor-widget-container\">\n\t\t\t\t\t<h2 class=\"elementor-heading-title elementor-size-default\"><span style=\"color: var(--the7-h2-color);white-space: normal;padding: 0px;margin: 0px;clear: none;font-family: Sen, Helvetica, Arial, Verdana, sans-serif\">The latest news from EMR Wine<\/span><\/h2>\t\t\t\t<\/div>\n\t\t\t\t<\/div>\n\t\t\t\t<div class=\"elementor-element elementor-element-2b8234f elementor-grid-3 elementor-grid-tablet-2 elementor-grid-mobile-1 elementor-posts--thumbnail-top elementor-widget elementor-widget-posts\" data-id=\"2b8234f\" data-element_type=\"widget\" data-settings=\"{&quot;classic_row_gap&quot;:{&quot;unit&quot;:&quot;px&quot;,&quot;size&quot;:30,&quot;sizes&quot;:[]},&quot;pagination_type&quot;:&quot;numbers&quot;,&quot;classic_columns&quot;:&quot;3&quot;,&quot;classic_columns_tablet&quot;:&quot;2&quot;,&quot;classic_columns_mobile&quot;:&quot;1&quot;,&quot;classic_row_gap_tablet_extra&quot;:{&quot;unit&quot;:&quot;px&quot;,&quot;size&quot;:&quot;&quot;,&quot;sizes&quot;:[]},&quot;classic_row_gap_tablet&quot;:{&quot;unit&quot;:&quot;px&quot;,&quot;size&quot;:&quot;&quot;,&quot;sizes&quot;:[]},&quot;classic_row_gap_mobile&quot;:{&quot;unit&quot;:&quot;px&quot;,&quot;size&quot;:&quot;&quot;,&quot;sizes&quot;:[]}}\" data-widget_type=\"posts.classic\">\n\t\t\t\t<div class=\"elementor-widget-container\">\n\t\t\t\t\t\t\t<div class=\"elementor-posts-container elementor-posts elementor-posts--skin-classic elementor-grid\">\n\t\t\t\t<article class=\"elementor-post elementor-grid-item post-2664 news-article type-news-article status-publish has-post-thumbnail hentry\">\n\t\t\t\t<a class=\"elementor-post__thumbnail__link\" href=\"https:\/\/emrwine.eu\/fr\/news-article\/tastefever-un-outil-numerique-pour-les-petits-viticulteurs\/\">\n\t\t\t<div class=\"elementor-post__thumbnail\"><img decoding=\"async\" width=\"800\" height=\"450\" src=\"https:\/\/emrwine.eu\/wp-content\/uploads\/2024\/10\/pexels-gonzalo-acuna-166058093-10923023-1024x576.jpg\" class=\"attachment-large size-large wp-image-2663\" alt=\"\" srcset=\"https:\/\/emrwine.eu\/wp-content\/uploads\/2024\/10\/pexels-gonzalo-acuna-166058093-10923023-1024x576.jpg 1024w, https:\/\/emrwine.eu\/wp-content\/uploads\/2024\/10\/pexels-gonzalo-acuna-166058093-10923023-300x169.jpg 300w, https:\/\/emrwine.eu\/wp-content\/uploads\/2024\/10\/pexels-gonzalo-acuna-166058093-10923023-768x432.jpg 768w, https:\/\/emrwine.eu\/wp-content\/uploads\/2024\/10\/pexels-gonzalo-acuna-166058093-10923023-1536x864.jpg 1536w, https:\/\/emrwine.eu\/wp-content\/uploads\/2024\/10\/pexels-gonzalo-acuna-166058093-10923023-2048x1152.jpg 2048w\" sizes=\"(max-width: 800px) 100vw, 800px\" \/><\/div>\n\t\t<\/a>\n\t\t\t\t<div class=\"elementor-post__text\">\n\t\t\t\t<h2 class=\"elementor-post__title\">\n\t\t\t<a href=\"https:\/\/emrwine.eu\/fr\/news-article\/tastefever-un-outil-numerique-pour-les-petits-viticulteurs\/\">\n\t\t\t\tTastefever : un outil num\u00e9rique pour les petits viticulteurs\t\t\t<\/a>\n\t\t<\/h2>\n\t\t\t\t<div class=\"elementor-post__meta-data\">\n\t\t\t\t\t<span class=\"elementor-post-date\">\n\t\t\t3 octobre 2024\t\t<\/span>\n\t\t\t\t<\/div>\n\t\t\t\t<div class=\"elementor-post__excerpt\">\n\t\t\t<p>Camille Maeselle souhaite soutenir les petits viticulteurs avec Tastefever, un outil num\u00e9rique innovant. Ils pourront ainsi s&#8217;occuper de leur vraie passion et l&#8217;administration, l&#8217;optimisation de<\/p>\n\t\t<\/div>\n\t\t\t\t\t<div class=\"elementor-post__read-more-wrapper\">\n\t\t\n\t\t<a class=\"elementor-post__read-more\" href=\"https:\/\/emrwine.eu\/fr\/news-article\/tastefever-un-outil-numerique-pour-les-petits-viticulteurs\/\">\n\t\t\tLees verder\t\t<\/a>\n\n\t\t\t\t\t<\/div>\n\t\t\t\t<\/div>\n\t\t\t\t<\/article>\n\t\t\t\t<article class=\"elementor-post elementor-grid-item post-2629 news-article type-news-article status-publish has-post-thumbnail hentry\">\n\t\t\t\t<a class=\"elementor-post__thumbnail__link\" href=\"https:\/\/emrwine.eu\/fr\/news-article\/gagner-ensemble-le-succes-de-laventure-du-vin-emr\/\">\n\t\t\t<div class=\"elementor-post__thumbnail\"><img loading=\"lazy\" decoding=\"async\" width=\"768\" height=\"1024\" src=\"https:\/\/emrwine.eu\/wp-content\/uploads\/2024\/02\/1701776084752-768x1024.jpeg\" class=\"attachment-large size-large wp-image-2617\" alt=\"\" srcset=\"https:\/\/emrwine.eu\/wp-content\/uploads\/2024\/02\/1701776084752-768x1023.jpeg 768w, https:\/\/emrwine.eu\/wp-content\/uploads\/2024\/02\/1701776084752-225x300.jpeg 225w, https:\/\/emrwine.eu\/wp-content\/uploads\/2024\/02\/1701776084752.jpeg 800w\" sizes=\"(max-width: 768px) 100vw, 768px\" \/><\/div>\n\t\t<\/a>\n\t\t\t\t<div class=\"elementor-post__text\">\n\t\t\t\t<h2 class=\"elementor-post__title\">\n\t\t\t<a href=\"https:\/\/emrwine.eu\/fr\/news-article\/gagner-ensemble-le-succes-de-laventure-du-vin-emr\/\">\n\t\t\t\tGagner ensemble! Le succ\u00e8s de l&#8217;aventure du vin EMR!\t\t\t<\/a>\n\t\t<\/h2>\n\t\t\t\t<div class=\"elementor-post__meta-data\">\n\t\t\t\t\t<span class=\"elementor-post-date\">\n\t\t\t14 f\u00e9vrier 2024\t\t<\/span>\n\t\t\t\t<\/div>\n\t\t\t\t<div class=\"elementor-post__excerpt\">\n\t\t\t<p>L&#8217;aventure du vin EMR touche \u00e0 sa fin! Nous avons cl\u00f4tur\u00e9 ce chapitre par un fantastique \u00e9v\u00e9nement de cl\u00f4ture le 25 novembre. Merci \u00e0 nos<\/p>\n\t\t<\/div>\n\t\t\t\t\t<div class=\"elementor-post__read-more-wrapper\">\n\t\t\n\t\t<a class=\"elementor-post__read-more\" href=\"https:\/\/emrwine.eu\/fr\/news-article\/gagner-ensemble-le-succes-de-laventure-du-vin-emr\/\">\n\t\t\tLees verder\t\t<\/a>\n\n\t\t\t\t\t<\/div>\n\t\t\t\t<\/div>\n\t\t\t\t<\/article>\n\t\t\t\t<article class=\"elementor-post elementor-grid-item post-2329 news-article type-news-article status-publish has-post-thumbnail hentry\">\n\t\t\t\t<a class=\"elementor-post__thumbnail__link\" href=\"https:\/\/emrwine.eu\/fr\/news-article\/zoom-sur-domaine-des-gevrais\/\">\n\t\t\t<div class=\"elementor-post__thumbnail\"><img loading=\"lazy\" decoding=\"async\" width=\"800\" height=\"400\" src=\"https:\/\/emrwine.eu\/wp-content\/uploads\/2023\/08\/Gevrais-1443x721-2-1024x512.jpg\" class=\"attachment-large size-large wp-image-2611\" alt=\"\" srcset=\"https:\/\/emrwine.eu\/wp-content\/uploads\/2023\/08\/Gevrais-1443x721-2-1024x512.jpg 1024w, https:\/\/emrwine.eu\/wp-content\/uploads\/2023\/08\/Gevrais-1443x721-2-300x150.jpg 300w, https:\/\/emrwine.eu\/wp-content\/uploads\/2023\/08\/Gevrais-1443x721-2-768x384.jpg 768w, https:\/\/emrwine.eu\/wp-content\/uploads\/2023\/08\/Gevrais-1443x721-2.jpg 1443w\" sizes=\"(max-width: 800px) 100vw, 800px\" \/><\/div>\n\t\t<\/a>\n\t\t\t\t<div class=\"elementor-post__text\">\n\t\t\t\t<h2 class=\"elementor-post__title\">\n\t\t\t<a href=\"https:\/\/emrwine.eu\/fr\/news-article\/zoom-sur-domaine-des-gevrais\/\">\n\t\t\t\tZoom sur domaine des Gevrais\t\t\t<\/a>\n\t\t<\/h2>\n\t\t\t\t<div class=\"elementor-post__meta-data\">\n\t\t\t\t\t<span class=\"elementor-post-date\">\n\t\t\t4 d\u00e9cembre 2023\t\t<\/span>\n\t\t\t\t<\/div>\n\t\t\t\t<div class=\"elementor-post__excerpt\">\n\t\t\t<p>Les faites: Superficie: 1ha Vari\u00e9t\u00e9s: Muscaris B, Johanniter B, Souvignier gris N, Solaris B Production: pas encore en production Contactgegevens: Francy G\u00f6bels 4485 Les Gevrais<\/p>\n\t\t<\/div>\n\t\t\t\t\t<div class=\"elementor-post__read-more-wrapper\">\n\t\t\n\t\t<a class=\"elementor-post__read-more\" href=\"https:\/\/emrwine.eu\/fr\/news-article\/zoom-sur-domaine-des-gevrais\/\">\n\t\t\tLees verder\t\t<\/a>\n\n\t\t\t\t\t<\/div>\n\t\t\t\t<\/div>\n\t\t\t\t<\/article>\n\t\t\t\t<\/div>\n\t\t\n\t\t\t\t\t\t<\/div>\n\t\t\t\t<\/div>\n\t\t\t\t\t<\/div>\n\t\t<\/div>\n\t\t\t\t\t<\/div>\n\t\t<\/section>\n\t\t\t\t<section class=\"elementor-section elementor-top-section elementor-element elementor-element-788c432 elementor-section-content-top elementor-section-boxed elementor-section-height-default elementor-section-height-default\" data-id=\"788c432\" data-element_type=\"section\">\n\t\t\t\t\t\t<div class=\"elementor-container elementor-column-gap-default\">\n\t\t\t\t\t<div class=\"elementor-column elementor-col-100 elementor-top-column elementor-element elementor-element-3231da5\" data-id=\"3231da5\" data-element_type=\"column\">\n\t\t\t<div class=\"elementor-widget-wrap elementor-element-populated\">\n\t\t\t\t\t\t<div class=\"elementor-element elementor-element-3e4d697 elementor-widget elementor-widget-heading\" data-id=\"3e4d697\" data-element_type=\"widget\" data-widget_type=\"heading.default\">\n\t\t\t\t<div class=\"elementor-widget-container\">\n\t\t\t\t\t<h2 class=\"elementor-heading-title elementor-size-default\">Partners &amp; co-funders:<\/h2>\t\t\t\t<\/div>\n\t\t\t\t<\/div>\n\t\t\t\t<div class=\"elementor-element elementor-element-48436ab elementor-widget elementor-widget-image\" data-id=\"48436ab\" data-element_type=\"widget\" data-widget_type=\"image.default\">\n\t\t\t\t<div class=\"elementor-widget-container\">\n\t\t\t\t\t\t\t\t\t\t\t\t\t\t\t<img loading=\"lazy\" decoding=\"async\" width=\"800\" height=\"182\" src=\"https:\/\/emrwine.eu\/wp-content\/uploads\/2023\/10\/Partners-2.jpg\" class=\"attachment-large size-large wp-image-2516\" alt=\"\" srcset=\"https:\/\/emrwine.eu\/wp-content\/uploads\/2023\/10\/Partners-2.jpg 828w, https:\/\/emrwine.eu\/wp-content\/uploads\/2023\/10\/Partners-2-300x68.jpg 300w, https:\/\/emrwine.eu\/wp-content\/uploads\/2023\/10\/Partners-2-768x174.jpg 768w\" sizes=\"(max-width: 800px) 100vw, 800px\" \/>\t\t\t\t\t\t\t\t\t\t\t\t\t\t\t<\/div>\n\t\t\t\t<\/div>\n\t\t\t\t\t<\/div>\n\t\t<\/div>\n\t\t\t\t\t<\/div>\n\t\t<\/section>\n\t\t\t\t<\/div>\n\t\t","protected":false},"excerpt":{"rendered":"<p>The main objective of the project is the creation of a network on the Euregio Meuse-Rhine between the sectors of production and training in viticulture in order to create a local sector with ecological and sustainable means of production and consumption. The Euregio has a long history with wine, so its production is a logical [&hellip;]<\/p>\n","protected":false},"author":1,"featured_media":0,"parent":0,"menu_order":0,"comment_status":"closed","ping_status":"closed","template":"","meta":{"inline_featured_image":false,"footnotes":""},"class_list":["post-727","page","type-page","status-publish","hentry"],"_links":{"self":[{"href":"https:\/\/emrwine.eu\/fr\/wp-json\/wp\/v2\/pages\/727","targetHints":{"allow":["GET"]}}],"collection":[{"href":"https:\/\/emrwine.eu\/fr\/wp-json\/wp\/v2\/pages"}],"about":[{"href":"https:\/\/emrwine.eu\/fr\/wp-json\/wp\/v2\/types\/page"}],"author":[{"embeddable":true,"href":"https:\/\/emrwine.eu\/fr\/wp-json\/wp\/v2\/users\/1"}],"replies":[{"embeddable":true,"href":"https:\/\/emrwine.eu\/fr\/wp-json\/wp\/v2\/comments?post=727"}],"version-history":[{"count":5,"href":"https:\/\/emrwine.eu\/fr\/wp-json\/wp\/v2\/pages\/727\/revisions"}],"predecessor-version":[{"id":2534,"href":"https:\/\/emrwine.eu\/fr\/wp-json\/wp\/v2\/pages\/727\/revisions\/2534"}],"wp:attachment":[{"href":"https:\/\/emrwine.eu\/fr\/wp-json\/wp\/v2\/media?parent=727"}],"curies":[{"name":"wp","href":"https:\/\/api.w.org\/{rel}","templated":true}]}}